{"id":3175,"date":"2025-04-11T19:36:03","date_gmt":"2025-04-11T19:36:03","guid":{"rendered":"https:\/\/noica.fundatiahumanitas.ro\/wp\/?page_id=3175"},"modified":"2025-11-30T20:21:02","modified_gmt":"2025-11-30T20:21:02","slug":"sa-cream-punti","status":"publish","type":"page","link":"https:\/\/noica.fundatiahumanitas.ro\/wp\/sa-cream-punti\/","title":{"rendered":"sa cream pun\u021bi"},"content":{"rendered":"\n<div style=\"height:100px\" aria-hidden=\"true\" class=\"wp-block-spacer\"><\/div>\n\n\n\n<h2 class=\"wp-block-heading alignwide has-text-align-center has-contrast-2-color has-text-color has-link-color wp-elements-3886a6edc39d51df0ea3e4c110f7577e\">Constantin Noica: <a href=\"https:\/\/putereaacincea.ro\/victor-ieronim-stoichita-nu-vad-cum-as-fi-putut-supravietui-fara-experienta-de-la-paltinis-in-acei-ani-de-dementa-totalitara\/?fbclid=IwAR20kneg530An0Oe8ZkHwFv-ZYsUX3d4ZVUMtx79obNaatBsgtUdKn3lI8k\"><em><strong>\u201e<\/strong><\/em><\/a>S\u0103 cre\u0103m pun\u021bi!\u201c<\/h2>\n\n\n\n<div style=\"height:59px\" aria-hidden=\"true\" class=\"wp-block-spacer\"><\/div>\n\n\n\n<h3 class=\"wp-block-heading has-text-align-center has-contrast-2-color has-text-color has-link-color wp-elements-47f4b3b14408ca87ca38fa6843f54cfd\">Marius Vasileanu<\/h3>\n\n\n\n<div style=\"height:40px\" aria-hidden=\"true\" class=\"wp-block-spacer\"><\/div>\n\n\n\n<h3 class=\"wp-block-heading has-medium-font-size\"><em>.<\/em><\/h3>\n\n\n\n<div class=\"wp-block-columns is-layout-flex wp-container-core-columns-is-layout-28f84493 wp-block-columns-is-layout-flex\">\n<div class=\"wp-block-column is-layout-flow wp-block-column-is-layout-flow\">\n<p class=\"has-text-align-right has-small-font-size\"><\/p>\n\n\n\n<p class=\"has-text-align-right has-small-font-size\">Mitropolitul Bucovinei Tit Simedrea \u00eenconjurat de participan\u021bii la \u00eent\u00e2lnirea <em>\u0218apte zile de priveghere, <\/em>Cern\u0103u\u021bi, 1-7 august, 1943. Printre ace\u0219tia, Sandu Tudor, Paul Sterian, Alexandru Mironescu, Anton Dumitriu \u0219i Pr. Benedict Ghiu\u0219. Au fost prezen\u021bi de asemenea Constantin Noica \u0219i Anton Dumitriu. <\/p>\n\n\n\n<p class=\"has-text-align-right has-small-font-size\"><\/p>\n<\/div>\n\n\n\n<div class=\"wp-block-column is-layout-flow wp-block-column-is-layout-flow\">\n<figure data-wp-context=\"{&quot;imageId&quot;:&quot;69ebaef9de137&quot;}\" data-wp-interactive=\"core\/image\" data-wp-key=\"69ebaef9de137\" class=\"wp-block-image aligncenter size-full wp-lightbox-container\"><img loading=\"lazy\" decoding=\"async\" width=\"2322\" height=\"1716\" data-wp-class--hide=\"state.isContentHidden\" data-wp-class--show=\"state.isContentVisible\" data-wp-init=\"callbacks.setButtonStyles\" data-wp-on--click=\"actions.showLightbox\" data-wp-on--load=\"callbacks.setButtonStyles\" data-wp-on-window--resize=\"callbacks.setButtonStyles\" src=\"https:\/\/noica.fundatiahumanitas.ro\/wp\/wp-content\/uploads\/2025\/04\/996D425E-77FA-4B9E-901C-327D3635F65A_1_201_a.jpeg\" alt=\"\" class=\"wp-image-3196\" srcset=\"https:\/\/noica.fundatiahumanitas.ro\/wp\/wp-content\/uploads\/2025\/04\/996D425E-77FA-4B9E-901C-327D3635F65A_1_201_a.jpeg 2322w, https:\/\/noica.fundatiahumanitas.ro\/wp\/wp-content\/uploads\/2025\/04\/996D425E-77FA-4B9E-901C-327D3635F65A_1_201_a-600x443.jpeg 600w, https:\/\/noica.fundatiahumanitas.ro\/wp\/wp-content\/uploads\/2025\/04\/996D425E-77FA-4B9E-901C-327D3635F65A_1_201_a-768x568.jpeg 768w, https:\/\/noica.fundatiahumanitas.ro\/wp\/wp-content\/uploads\/2025\/04\/996D425E-77FA-4B9E-901C-327D3635F65A_1_201_a-1536x1135.jpeg 1536w, https:\/\/noica.fundatiahumanitas.ro\/wp\/wp-content\/uploads\/2025\/04\/996D425E-77FA-4B9E-901C-327D3635F65A_1_201_a-2048x1514.jpeg 2048w\" sizes=\"auto, (max-width: 2322px) 100vw, 2322px\" \/><button\n\t\t\tclass=\"lightbox-trigger\"\n\t\t\ttype=\"button\"\n\t\t\taria-haspopup=\"dialog\"\n\t\t\taria-label=\"Enlarge\"\n\t\t\tdata-wp-init=\"callbacks.initTriggerButton\"\n\t\t\tdata-wp-on--click=\"actions.showLightbox\"\n\t\t\tdata-wp-style--right=\"state.imageButtonRight\"\n\t\t\tdata-wp-style--top=\"state.imageButtonTop\"\n\t\t>\n\t\t\t<svg xmlns=\"http:\/\/www.w3.org\/2000\/svg\" width=\"12\" height=\"12\" fill=\"none\" viewBox=\"0 0 12 12\">\n\t\t\t\t<path fill=\"#fff\" d=\"M2 0a2 2 0 0 0-2 2v2h1.5V2a.5.5 0 0 1 .5-.5h2V0H2Zm2 10.5H2a.5.5 0 0 1-.5-.5V8H0v2a2 2 0 0 0 2 2h2v-1.5ZM8 12v-1.5h2a.5.5 0 0 0 .5-.5V8H12v2a2 2 0 0 1-2 2H8Zm2-12a2 2 0 0 1 2 2v2h-1.5V2a.5.5 0 0 0-.5-.5H8V0h2Z\" \/>\n\t\t\t<\/svg>\n\t\t<\/button><\/figure>\n<\/div>\n<\/div>\n\n\n\n<div style=\"height:18px\" aria-hidden=\"true\" class=\"wp-block-spacer\"><\/div>\n\n\n\n<p>Socotit\u0103 de unii drept&nbsp;<a href=\"https:\/\/ziarullumina.ro\/actualitate-religioasa\/documentar\/retragerea-duhovniceasca-de-la-cernauti-191717.html\" target=\"_blank\" rel=\"noreferrer noopener\">\u201e\u00eent\u00e2lnirea fondatoare\u201c a Rugului Aprins<\/a>, personal prefer s\u0103 o consider parte a preistoriei acestei mi\u0219c\u0103ri cultural-duhovnice\u0219ti pornit\u0103 \u00een anii \u201940 la M\u0103n\u0103stirea Antim (Bucu\u00adre\u0219ti). O lectur\u0103 \u0219i o analiz\u0103 serioas\u0103 a celor petrecute la Cern\u0103u\u021bi la \u00eent\u00e2lnirea organizat\u0103 de Mitropolitul Bucovinei Tit Simedrea \u0219i de scriitorul Sandu Tudor, dar \u0219i m\u0103rturiile survenite ulterior m\u0103 determin\u0103 s\u0103 cred c\u0103 nu putem vorbi \u00eenc\u0103 despre o \u00eent\u00e2lnire fondatoare, chiar dac\u0103 r\u0103m\u00e2ne pre\u021bioas\u0103.<\/p>\n\n\n\n<p>Am scris despre un posibil proiect al Rugului Aprins g\u00e2ndit de Sandu Tudor, a\u0219a cum reiese din prima sa prelegere de la Cern\u0103u\u021bi. Trebuie subliniat c\u0103 acea schi\u021b\u0103 de proiect a fost completat\u0103, ajustat\u0103 pe loc de un alt participant, anume de filosoful Constantin Noica. Concret, la \u00eencheierea conferin\u021bei lui Sandu Tudor, inaugurale, Const. Noica intervine \u00een final cu un bemol:<\/p>\n\n\n\n<p>\u201ePentru c\u0103 suntem la prima \u0219edin\u021b\u0103, e bine s\u0103 \u00eencerc\u0103m s\u0103 spunem un lucru. Nu ne \u00absmulgem\u00bb chiar din lumea din care venim; nu exist\u0103 \u00abopozi\u021bie\u00bb \u00eentre ceea ce facem aici \u0219i ce f\u0103ceam \u00een lumea din care venim. Felul \u00een care a vorbit prietenul Sandu Tudor poate da sentimentul c\u0103 vrem, dintr-odat\u0103, s\u0103 facem altceva, c\u0103 avem nostalgia unor lucruri care s\u0103 ne scoat\u0103 din ceea ce f\u0103ceam. Cred c\u0103 venim aici ca s\u0103 c\u00e2\u0219tig\u0103m puteri pentru o lume care poate fi \u00abur\u00e2t\u0103\u00bb &#8211; cum a descris-o, \u00een ur\u00e2\u021benia ei, predicatorul; \u00eens\u0103 nu e necesar. \u00abOrdinile\u00bb nu sunt \u00eempotriva ordinii Bisericii, \u00een care ele pot fi cuprinse \u0219i \u00eentre ceea ce g\u00e2ndim \u0219i sim\u021bim \u00een biseric\u0103. \u0218i dac\u0103&nbsp;<strong>dau \u00eensemn\u0103tate acestui g\u00e2nd de a ne a\u0219eza \u00een&nbsp;<em>armonie<\/em>, de unde venim, \u00een armonie cu ceea ce voim s\u0103 facem aici tocmai pentru c\u0103 ne \u00eentoarcem \u00een lume \u0219i pentru c\u0103 experien\u021ba noastr\u0103 de aici trebuie s\u0103 fructifice&nbsp;<em>acolo<\/em>. Ca atare, s\u0103 cre\u0103m pun\u021bi, fie vorbind cu mai mult\u0103 bl\u00e2nde\u021be de lumea aceasta de care ne-am desp\u0103r\u021bit, fie nemaivorbind deloc de ea<\/strong>&nbsp;(subl. MV) &#8211; \u00een nici un caz cu du\u0219m\u0103nia aceasta cu care mi s-a p\u0103rut c\u0103 vorbe\u0219te prietenul Sandu Tudor\u201c&#8230;<\/p>\n\n\n\n<p>Reamintesc, toate citatele pe care le consemnez aici sunt preluate dup\u0103 dactilograma original\u0103. Chiar dac\u0103, \u00een lectura proprie a conferin\u021bei lui Sandu Tudor, nu consider a fi tocmai o atitudine du\u0219\u00adm\u0103\u00adnoas\u0103 fa\u021b\u0103 de cele lume\u0219ti, cum o percepe C. Noica, se poate presupune c\u0103&nbsp;<em>tonul<\/em>&nbsp;acelei confe\u00adrin\u021be, tonul, cel care face muzica, putea \u00een\u0219ela. C\u0103ci Sandu Tudor nu a fost niciodat\u0103 suspectat de exces de diploma\u021bie&#8230;<\/p>\n\n\n\n<p>Observ\u0103m imediat c\u0103, \u00een realitate, aceast\u0103 necesar\u0103 completare rostit\u0103 de Constantin Noica vine din perspectiva tradi\u021biei \u0219i ethosului cre\u0219tinismului ortodox de nuan\u021b\u0103 rom\u00e2neasc\u0103 &#8211; a se vedea excelentul volum\u00a0<em>Tradi\u021bie \u0219i libertate \u00een spiritualitatea ortodox\u0103,<\/em>\u00a0scris mai t\u00e2rziu de un apropiat al filosofului, el \u00eensu\u0219i viitor membru al Rugului Aprins, Mitropolitul Antonie Pl\u0103m\u0103deal\u0103. F\u0103r\u0103 \u00eendoial\u0103, aceast\u0103\u00a0<em>armonie<\/em>, acest \u00eendemn la\u00a0crearea de pun\u021bi este o caracteristic\u0103 \u0219i o virtute a cre\u0219tinismului ortodox rom\u00e2nesc, a culturii rom\u00e2ne, iar Rugul Aprins avea s\u0103 o demonstreze \u00een mod fericit prin \u00eens\u0103\u0219i existen\u021ba sa.<\/p>\n\n\n\n<div class=\"wp-block-columns is-layout-flex wp-container-core-columns-is-layout-28f84493 wp-block-columns-is-layout-flex\">\n<div class=\"wp-block-column is-layout-flow wp-block-column-is-layout-flow\">\n<figure data-wp-context=\"{&quot;imageId&quot;:&quot;69ebaef9de61f&quot;}\" data-wp-interactive=\"core\/image\" data-wp-key=\"69ebaef9de61f\" class=\"wp-block-image aligncenter size-full wp-lightbox-container\"><img loading=\"lazy\" decoding=\"async\" width=\"739\" height=\"1062\" data-wp-class--hide=\"state.isContentHidden\" data-wp-class--show=\"state.isContentVisible\" data-wp-init=\"callbacks.setButtonStyles\" data-wp-on--click=\"actions.showLightbox\" data-wp-on--load=\"callbacks.setButtonStyles\" data-wp-on-window--resize=\"callbacks.setButtonStyles\" src=\"https:\/\/noica.fundatiahumanitas.ro\/wp\/wp-content\/uploads\/2025\/04\/E29209D5-5940-4B4F-9B72-210B940FF714_1_105_c-1.jpeg\" alt=\"\" class=\"wp-image-3239\" srcset=\"https:\/\/noica.fundatiahumanitas.ro\/wp\/wp-content\/uploads\/2025\/04\/E29209D5-5940-4B4F-9B72-210B940FF714_1_105_c-1.jpeg 739w, https:\/\/noica.fundatiahumanitas.ro\/wp\/wp-content\/uploads\/2025\/04\/E29209D5-5940-4B4F-9B72-210B940FF714_1_105_c-1-418x600.jpeg 418w\" sizes=\"auto, (max-width: 739px) 100vw, 739px\" \/><button\n\t\t\tclass=\"lightbox-trigger\"\n\t\t\ttype=\"button\"\n\t\t\taria-haspopup=\"dialog\"\n\t\t\taria-label=\"Enlarge\"\n\t\t\tdata-wp-init=\"callbacks.initTriggerButton\"\n\t\t\tdata-wp-on--click=\"actions.showLightbox\"\n\t\t\tdata-wp-style--right=\"state.imageButtonRight\"\n\t\t\tdata-wp-style--top=\"state.imageButtonTop\"\n\t\t>\n\t\t\t<svg xmlns=\"http:\/\/www.w3.org\/2000\/svg\" width=\"12\" height=\"12\" fill=\"none\" viewBox=\"0 0 12 12\">\n\t\t\t\t<path fill=\"#fff\" d=\"M2 0a2 2 0 0 0-2 2v2h1.5V2a.5.5 0 0 1 .5-.5h2V0H2Zm2 10.5H2a.5.5 0 0 1-.5-.5V8H0v2a2 2 0 0 0 2 2h2v-1.5ZM8 12v-1.5h2a.5.5 0 0 0 .5-.5V8H12v2a2 2 0 0 1-2 2H8Zm2-12a2 2 0 0 1 2 2v2h-1.5V2a.5.5 0 0 0-.5-.5H8V0h2Z\" \/>\n\t\t\t<\/svg>\n\t\t<\/button><figcaption class=\"wp-element-caption\">Dactilograma interven\u021biei lui Constantin Noica, intitulat\u0103&nbsp;<em>Cunoa\u0219tere \u0219i ascez\u0103<\/em>, 3 august 1943.<\/figcaption><\/figure>\n<\/div>\n\n\n\n<div class=\"wp-block-column is-layout-flow wp-block-column-is-layout-flow\">\n<p>\u00cen alt\u0103 ordine de idei, programul retragerii spirituale de la Cer\u00adn\u0103u\u021bi, din 1-7 august 1943, desf\u0103\u00ad\u0219u\u00adrat\u0103 chiar \u00een sediul Mitropoliei Bucovinei, consemneaz\u0103 o mic\u0103 enigm\u0103: participarea lui Constantin Noica cu conferin\u021ba intitulat\u0103&nbsp;<em>Patos \u0219i Patmos<\/em>&nbsp;(cercul zilei de joi, 5 august), iar cea a lui Anton Dimitriu cu conferin\u021ba <em>Cunoa\u0219tere \u0219i ascez\u0103<\/em>&nbsp;(cercul zilei de mar\u021bi, 3 august). \u00cens\u0103, cum spuneam, probabil au fost stenografiate toate confe\u00adrin\u00ad\u021bele, dar, din p\u0103cate, nu s-au g\u0103sit p\u00e2n\u0103 ast\u0103zi dec\u00e2t dactilogramele corespondente confe\u00adrin\u00ad\u021belor lui Sandu Tudor (trei la nu\u00adm\u0103r), Constantin Noica (una singur\u0103) \u0219i Henri Stahl. <sup data-fn=\"3f3529c2-e313-452f-9e6a-f22cb31b7b5d\" class=\"fn\"><a href=\"#3f3529c2-e313-452f-9e6a-f22cb31b7b5d\" id=\"3f3529c2-e313-452f-9e6a-f22cb31b7b5d-link\">1<\/a><\/sup><\/p>\n<\/div>\n<\/div>\n\n\n\n<p>Problema, enigma, remarcat\u0103 de mul\u021bi cercet\u0103tori, este c\u0103 filosoful Const. Noica este publicat cu titlul conferin\u021bei&nbsp;<em>Cunoa\u0219tere \u0219i ascez\u0103<\/em>, adic\u0103 cea trecut\u0103 \u00een program (tip\u0103rit, \u00eenc\u0103 din 1943) \u00een dreptul numelui Anton Dumitriu! F\u0103r\u0103 a intra \u00een prea multe am\u0103nunte tehnice, voi spune c\u0103 cel mai probabil (1) conferin\u021ba lui C. Noica este tocmai cea aflat\u0103 \u00een dactilogram\u0103 \u0219i c\u0103 a fost singura; (2) chiar dac\u0103 a participat la \u00eent\u00e2lnirile de la Cern\u0103u\u021bi, se pare c\u0103 Anton Dumitriu nu a mai sus\u021binut confe\u00adrin\u021ba sa, din motive necunoscute. Fiindc\u0103 referitor la conferin\u021ba intitulat\u0103&nbsp;<em>Patos \u0219i Patmos<\/em>, \u00een prelegerea sa de diminea\u021b\u0103, petrecut\u0103 \u00een aceea\u0219i zi, 5 august, Sandu Tudor face o anume aluzie &#8211; ca \u0219i cum aceast\u0103 conferin\u021b\u0103 nu s-a mai \u021binut. Iar Sandu Tudor recurge imediat la c\u00e2teva medita\u021bii asupra aceluia\u0219i subiect,&nbsp;<em>Patos \u0219i Patmos<\/em>, \u00een \u00eencercarea de a o \u00eenlocui cu o conferin\u021b\u0103 proprie.<\/p>\n\n\n\n<p>Mai mult, \u00een discu\u021bii private avute cu excelen\u021bi cunosc\u0103tori ai operei lui Constantin Noica, ace\u0219tia subliniaz\u0103 c\u0103 temele abordate \u00een conferin\u021ba&nbsp;<em>Cunoa\u0219tere \u0219i ascez\u0103<\/em>&nbsp;fac parte dintre c\u0103ut\u0103rile \u0219i medita\u021biile constante ale filosofului aflat la acea v\u00e2rst\u0103, teme reluate ulterior.<\/p>\n\n\n\n<p>Mai observ\u0103m pe parcursul dialogurilor petrecute dup\u0103 conferin\u00ad\u021bele de mai sus o stare redundant polemic\u0103 \u00eentre Sandu Tudor \u0219i Constantin Noica. Acela\u0219i lucru se petrece \u00een conferin\u021ba&nbsp;<em>Cunoa\u0219tere \u0219i ascez\u0103&nbsp;<\/em>\u00een care filosoful constat\u0103 starea de fals\u0103 adversitate &#8211; generat\u0103 de organizatori -, astfel \u00eenc\u00e2t se \u00eentreab\u0103 \u201ece a f\u0103cut pe autorul programului s\u0103 \u00eempotriveasc\u0103 asceza cunoa\u0219terii?\u201c. \u00centreaga confe\u00adrin\u00ad\u021b\u0103 a lui Noica pare o replic\u0103 la conferin\u021ba inaugural\u0103 rostit\u0103 de Sandu Tudor, \u00een sensul bemolului reprodus mai sus. \u0218i, dup\u0103 un mic excurs filosofic, Constantin Noica roste\u0219te aceast\u0103 concluzie a confe\u00adrin\u021bei sale: \u201eCunoa\u0219terii \u00eei r\u0103m\u00e2ne destinul acesta de a avea atributele vie\u021bii, de a avea multe din biruin\u021bele prezente ale vie\u021bii, dar nu de a avea biruin\u021ba final\u0103. \u00cen timp ce ascezei \u00eei sunt date multe \u00eenfr\u00e2ngeri &#8211; mult mai multe dec\u00e2t cunoa\u0219\u00adterii &#8211; mult mai mult amar dec\u00e2t cunoa\u0219terii; cu n\u0103dejdea \u00eens\u0103 \u0219i uneori cu reu\u0219ita unei biruin\u021be finale.<\/p>\n\n\n\n<p>Dac\u0103 a\u0219a stau lucrurile, atunci eu nu mai pot s\u0103 v\u0103 \u00eenf\u0103\u021bi\u0219ez medi\u00adta\u00ad\u021biunea mea a\u0219a cum voiau organizatorii, sub titlul \u00abcunoa\u0219tere \u0219i ascez\u0103\u00bb. A\u0219 spune: \u00abcunoa\u0219tere sau ascez\u0103\u00bb; cunoa\u0219tere \u0219i ascez\u0103 st\u00e2nd al\u0103turi, chiar \u00een adversitate, nu mai v\u0103d. C\u0103ci dac\u0103 a \u00eent\u00e2lnit pe Dumnezeu, cel ce face ascez\u0103 adev\u0103rat\u0103 nu poate s\u0103 nu-l caute. Iar dac\u0103 nu l-a \u00eent\u00e2lnit, [iar\u0103\u0219i] nu poate s\u0103 nu-l caute. Sau \u00eel caut\u0103 atunci peste tot, orbe\u0219te; aproape dezn\u0103d\u0103jduit, a\u0219a cum \u00eel c\u0103ut\u0103m noi \u00een cunoa\u0219tere.\u201c<\/p>\n\n\n\n<div class=\"wp-block-columns is-layout-flex wp-container-core-columns-is-layout-28f84493 wp-block-columns-is-layout-flex\">\n<div class=\"wp-block-column is-layout-flow wp-block-column-is-layout-flow\" style=\"flex-basis:66.66%\">\n<p>Prieten cu c\u00e2\u021biva dintre membrii principali ai Rugului Aprins, el \u00eensu\u0219i un adev\u0103rat ascet, Constantin Noica nu a f\u0103cut parte din aceast\u0103 mi\u0219care. Dar traseul s\u0103u spiritual \u0219i cultural nu este nicidecum mai prejos. Iar \u00eendemnul de a crea pun\u021bi l-a respectat prin opera \u0219i prin via\u021ba sa, ba chiar \u0219i prin crea\u021bia sau activitatea c\u00e2torva discipoli. Nu \u00eent\u00e2mpl\u0103tor morm\u00e2ntul filosofului este, la dorin\u021ba sa \u0219i cu binecuv\u00e2ntarea Mitropolitului Antonie al Ardealului, chiar \u00een curtea Schitului P\u0103ltini\u0219.<\/p>\n\n\n\n<div style=\"height:31px\" aria-hidden=\"true\" class=\"wp-block-spacer\"><\/div>\n<\/div>\n\n\n\n<div class=\"wp-block-column is-layout-flow wp-block-column-is-layout-flow\" style=\"flex-basis:33.33%\">\n<figure data-wp-context=\"{&quot;imageId&quot;:&quot;69ebaef9de9b0&quot;}\" data-wp-interactive=\"core\/image\" data-wp-key=\"69ebaef9de9b0\" class=\"wp-block-image aligncenter size-full is-resized wp-lightbox-container\"><img loading=\"lazy\" decoding=\"async\" width=\"895\" height=\"1343\" data-wp-class--hide=\"state.isContentHidden\" data-wp-class--show=\"state.isContentVisible\" data-wp-init=\"callbacks.setButtonStyles\" data-wp-on--click=\"actions.showLightbox\" data-wp-on--load=\"callbacks.setButtonStyles\" data-wp-on-window--resize=\"callbacks.setButtonStyles\" src=\"https:\/\/noica.fundatiahumanitas.ro\/wp\/wp-content\/uploads\/2025\/04\/05D170A0-18B5-4B8C-ADE8-73F09CBEBB85_1_201_a.jpeg\" alt=\"\" class=\"wp-image-3226\" style=\"width:183px;height:auto\" srcset=\"https:\/\/noica.fundatiahumanitas.ro\/wp\/wp-content\/uploads\/2025\/04\/05D170A0-18B5-4B8C-ADE8-73F09CBEBB85_1_201_a.jpeg 895w, https:\/\/noica.fundatiahumanitas.ro\/wp\/wp-content\/uploads\/2025\/04\/05D170A0-18B5-4B8C-ADE8-73F09CBEBB85_1_201_a-400x600.jpeg 400w, https:\/\/noica.fundatiahumanitas.ro\/wp\/wp-content\/uploads\/2025\/04\/05D170A0-18B5-4B8C-ADE8-73F09CBEBB85_1_201_a-768x1152.jpeg 768w\" sizes=\"auto, (max-width: 895px) 100vw, 895px\" \/><button\n\t\t\tclass=\"lightbox-trigger\"\n\t\t\ttype=\"button\"\n\t\t\taria-haspopup=\"dialog\"\n\t\t\taria-label=\"Enlarge\"\n\t\t\tdata-wp-init=\"callbacks.initTriggerButton\"\n\t\t\tdata-wp-on--click=\"actions.showLightbox\"\n\t\t\tdata-wp-style--right=\"state.imageButtonRight\"\n\t\t\tdata-wp-style--top=\"state.imageButtonTop\"\n\t\t>\n\t\t\t<svg xmlns=\"http:\/\/www.w3.org\/2000\/svg\" width=\"12\" height=\"12\" fill=\"none\" viewBox=\"0 0 12 12\">\n\t\t\t\t<path fill=\"#fff\" d=\"M2 0a2 2 0 0 0-2 2v2h1.5V2a.5.5 0 0 1 .5-.5h2V0H2Zm2 10.5H2a.5.5 0 0 1-.5-.5V8H0v2a2 2 0 0 0 2 2h2v-1.5ZM8 12v-1.5h2a.5.5 0 0 0 .5-.5V8H12v2a2 2 0 0 1-2 2H8Zm2-12a2 2 0 0 1 2 2v2h-1.5V2a.5.5 0 0 0-.5-.5H8V0h2Z\" \/>\n\t\t\t<\/svg>\n\t\t<\/button><figcaption class=\"wp-element-caption\">Morm\u00e2ntul lui Constantin Noica, P\u0103ltini\u0219<\/figcaption><\/figure>\n<\/div>\n<\/div>\n\n\n\n<div style=\"height:49px\" aria-hidden=\"true\" class=\"wp-block-spacer\"><\/div>\n\n\n\n<p class=\"has-small-font-size\">Text publicat \u00een ziarul <a href=\"https:\/\/ziarullumina.ro\/actualitate-religioasa\/documentar\/constantin-noica-sa-cream-punti-195118.html\"><em>Lumina, <\/em>15 ianuarie 2025<\/a><\/p>\n\n\n\n<p><\/p>\n\n\n<ol class=\"wp-block-footnotes\"><li id=\"3f3529c2-e313-452f-9e6a-f22cb31b7b5d\">Reamintesc, aceste cinci conferin\u021be sunt publicate prima oar\u0103 de acela\u0219i Mitropolit Antonie Pl\u0103m\u0103deal\u0103, \u00een volumul s\u0103u intitulat\u00a0<em>Rugul Aprins<\/em>(Sibiu, 2002). Ulterior, au fost reluate, direct din cartea IPS Antonie de al\u021bi cercet\u0103tori, \u00eentre ace\u0219tia, \u00eentr-un volum \u0219i studiu de o mare elegan\u021b\u0103, semnat de arhim. Policarp Chi\u021bulescu,<em>\u00a0Reuniuni ale spiritului. Mitropolitul Tit Simedrea al Bucovinei (1886-1971) \u0219i primele reuniuni spirituale din Rom\u00e2nia<\/em>\u00a0(Ed. Dinasty Books Proeditur\u0103 \u0219i Tipografie, Bucure\u0219ti, 2020). <a href=\"#3f3529c2-e313-452f-9e6a-f22cb31b7b5d-link\" aria-label=\"Jump to footnote reference 1\">\u21a9\ufe0e<\/a><\/li><\/ol>\n\n\n<div style=\"height:100px\" aria-hidden=\"true\" class=\"wp-block-spacer\"><\/div>\n\n\n\n<figure class=\"wp-block-image aligncenter size-full is-resized\"><img loading=\"lazy\" decoding=\"async\" width=\"488\" height=\"209\" src=\"https:\/\/noica.fundatiahumanitas.ro\/wp\/wp-content\/uploads\/2024\/01\/image-156.png\" alt=\"\" class=\"wp-image-1945\" style=\"width:131px;height:auto\"\/><\/figure>\n","protected":false},"excerpt":{"rendered":"<p>Constantin Noica: \u201eS\u0103 cre\u0103m pun\u021bi!\u201c Marius Vasileanu . Mitropolitul Bucovinei Tit Simedrea \u00eenconjurat de participan\u021bii la \u00eent\u00e2lnirea \u0218apte zile de priveghere, Cern\u0103u\u021bi, 1-7 august, 1943. Printre ace\u0219tia, Sandu Tudor, Paul Sterian, Alexandru Mironescu, Anton Dumitriu \u0219i Pr. Benedict Ghiu\u0219. Au fost prezen\u021bi de asemenea Constantin Noica \u0219i Anton Dumitriu. Socotit\u0103 de unii drept&nbsp;\u201e\u00eent\u00e2lnirea fondatoare\u201c a [&hellip;]<\/p>\n","protected":false},"author":3,"featured_media":0,"parent":0,"menu_order":0,"comment_status":"closed","ping_status":"closed","template":"","meta":{"footnotes":"[{\"content\":\"Reamintesc, aceste cinci conferin\u021be sunt publicate prima oar\u0103 de acela\u0219i Mitropolit Antonie Pl\u0103m\u0103deal\u0103, \u00een volumul s\u0103u intitulat\u00a0<em>Rugul Aprins<\/em>(Sibiu, 2002). Ulterior, au fost reluate, direct din cartea IPS Antonie de al\u021bi cercet\u0103tori, \u00eentre ace\u0219tia, \u00eentr-un volum \u0219i studiu de o mare elegan\u021b\u0103, semnat de arhim. Policarp Chi\u021bulescu,<em>\u00a0Reuniuni ale spiritului. Mitropolitul Tit Simedrea al Bucovinei (1886-1971) \u0219i primele reuniuni spirituale din Rom\u00e2nia<\/em>\u00a0(Ed. Dinasty Books Proeditur\u0103 \u0219i Tipografie, Bucure\u0219ti, 2020).\",\"id\":\"3f3529c2-e313-452f-9e6a-f22cb31b7b5d\"}]"},"class_list":["post-3175","page","type-page","status-publish","hentry"],"_links":{"self":[{"href":"https:\/\/noica.fundatiahumanitas.ro\/wp\/wp-json\/wp\/v2\/pages\/3175","targetHints":{"allow":["GET"]}}],"collection":[{"href":"https:\/\/noica.fundatiahumanitas.ro\/wp\/wp-json\/wp\/v2\/pages"}],"about":[{"href":"https:\/\/noica.fundatiahumanitas.ro\/wp\/wp-json\/wp\/v2\/types\/page"}],"author":[{"embeddable":true,"href":"https:\/\/noica.fundatiahumanitas.ro\/wp\/wp-json\/wp\/v2\/users\/3"}],"replies":[{"embeddable":true,"href":"https:\/\/noica.fundatiahumanitas.ro\/wp\/wp-json\/wp\/v2\/comments?post=3175"}],"version-history":[{"count":28,"href":"https:\/\/noica.fundatiahumanitas.ro\/wp\/wp-json\/wp\/v2\/pages\/3175\/revisions"}],"predecessor-version":[{"id":3615,"href":"https:\/\/noica.fundatiahumanitas.ro\/wp\/wp-json\/wp\/v2\/pages\/3175\/revisions\/3615"}],"wp:attachment":[{"href":"https:\/\/noica.fundatiahumanitas.ro\/wp\/wp-json\/wp\/v2\/media?parent=3175"}],"curies":[{"name":"wp","href":"https:\/\/api.w.org\/{rel}","templated":true}]}}